{"id":117,"date":"2025-10-22T11:18:45","date_gmt":"2025-10-22T09:18:45","guid":{"rendered":"https:\/\/shop.lamasiadeltaulat.com\/?post_type=product&#038;p=117"},"modified":"2025-10-22T11:39:22","modified_gmt":"2025-10-22T09:39:22","slug":"xecexperience-360","status":"publish","type":"product","link":"https:\/\/shop.lamasiadeltaulat.com\/?product=xecexperience-360","title":{"rendered":"Xecexperience 360\u00b0"},"content":{"rendered":"<p>Le Ch\u00e8que Experience 360\u00ba est un produit cr\u00e9\u00e9 conjointement par La Masia del Taulat et Travessa 360\u00ba, dans le but d\u2019offrir une exp\u00e9rience compl\u00e8te dans les Pyr\u00e9n\u00e9es : h\u00e9bergement de charme, gastronomie locale et activit\u00e9 de montagne pour deux personnes.<br \/>\nL\u2019achat du ch\u00e8que implique l\u2019acceptation pleine et enti\u00e8re des pr\u00e9sentes conditions g\u00e9n\u00e9rales.<br \/>\n2. Contenu du ch\u00e8que<\/p>\n<p>Le ch\u00e8que comprend pour deux personnes :<br \/>\n\u2022 1 nuit d\u2019h\u00e9bergement en chambre double avec petit-d\u00e9jeuner gourmet.<br \/>\n\u2022 1 d\u00eener d\u00e9gustation pour deux personnes (hors boissons).<br \/>\n\u2022 1 excursion guid\u00e9e en montagne avec les professionnels de Travessa 360\u00ba.<br \/>\nIl est possible d\u2019ajouter des services suppl\u00e9mentaires (pique-nique, nuit suppl\u00e9mentaire, etc.) selon disponibilit\u00e9.<\/p>\n<p>D\u00e9tail du d\u00eener d\u00e9gustation :<br \/>\nAp\u00e9ritif de bienvenue avec tapa ou montadito de d\u00e9gustation, entr\u00e9e de saison, plat principal au choix selon la proposition du chef (viande, poisson ou option v\u00e9g\u00e9tarienne), dessert artisanal, panier de pains locaux, eau min\u00e9rale et infusion ou caf\u00e9.<br \/>\nBoissons non comprises.<br \/>\nIl est imp\u00e9ratif de signaler toute intol\u00e9rance ou allergie alimentaire lors de la r\u00e9servation.<\/p>\n<p>Option pique-nique \u00e9co-local (15 \u20ac \/ personne) :<br \/>\nComprend une bouteille d\u2019eau en aluminium recyclable, un sandwich artisanal (charcuterie ou fromage local \/ option v\u00e9g\u00e9tarienne), une barre \u00e9nerg\u00e9tique au chocolat et aux amandes bio sal\u00e9es, un fruit de saison et des serviettes compostables.<br \/>\nProduits biod\u00e9gradables, recyclables et issus de la production locale.<\/p>\n","protected":false},"excerpt":{"rendered":"<p>DORMEZ AVEC CHARME &#8211; R\u00c9VEILLEZ-VOUS AVEC AVENTURE<br \/>\ndans La Masia del Taulat (Llo)<\/p>\n","protected":false},"featured_media":118,"comment_status":"open","ping_status":"closed","template":"","meta":[],"product_brand":[],"product_cat":[16],"product_tag":[],"class_list":{"0":"post-117","1":"product","2":"type-product","3":"status-publish","4":"has-post-thumbnail","6":"product_cat-xecexperience","8":"first","9":"instock","10":"taxable","11":"shipping-taxable","12":"product-type-external"},"_links":{"self":[{"href":"https:\/\/shop.lamasiadeltaulat.com\/index.php?rest_route=\/wp\/v2\/product\/117","targetHints":{"allow":["GET"]}}],"collection":[{"href":"https:\/\/shop.lamasiadeltaulat.com\/index.php?rest_route=\/wp\/v2\/product"}],"about":[{"href":"https:\/\/shop.lamasiadeltaulat.com\/index.php?rest_route=\/wp\/v2\/types\/product"}],"replies":[{"embeddable":true,"href":"https:\/\/shop.lamasiadeltaulat.com\/index.php?rest_route=%2Fwp%2Fv2%2Fcomments&post=117"}],"wp:featuredmedia":[{"embeddable":true,"href":"https:\/\/shop.lamasiadeltaulat.com\/index.php?rest_route=\/wp\/v2\/media\/118"}],"wp:attachment":[{"href":"https:\/\/shop.lamasiadeltaulat.com\/index.php?rest_route=%2Fwp%2Fv2%2Fmedia&parent=117"}],"wp:term":[{"taxonomy":"product_brand","embeddable":true,"href":"https:\/\/shop.lamasiadeltaulat.com\/index.php?rest_route=%2Fwp%2Fv2%2Fproduct_brand&post=117"},{"taxonomy":"product_cat","embeddable":true,"href":"https:\/\/shop.lamasiadeltaulat.com\/index.php?rest_route=%2Fwp%2Fv2%2Fproduct_cat&post=117"},{"taxonomy":"product_tag","embeddable":true,"href":"https:\/\/shop.lamasiadeltaulat.com\/index.php?rest_route=%2Fwp%2Fv2%2Fproduct_tag&post=117"}],"curies":[{"name":"wp","href":"https:\/\/api.w.org\/{rel}","templated":true}]}}